{"id":1278,"date":"2021-06-02T15:02:27","date_gmt":"2021-06-02T15:02:27","guid":{"rendered":"http:\/\/localhost\/wordpress\/?page_id=1278"},"modified":"2021-09-21T08:49:28","modified_gmt":"2021-09-21T08:49:28","slug":"o-que-e-o-circo","status":"publish","type":"page","link":"https:\/\/circohubportugal.lneg.pt\/?page_id=1278","title":{"rendered":"O que \u00e9 o CIRCO?"},"content":{"rendered":"\t\t<div data-elementor-type=\"wp-page\" data-elementor-id=\"1278\" class=\"elementor elementor-1278\" data-elementor-settings=\"[]\">\n\t\t\t\t\t\t<div class=\"elementor-inner\">\n\t\t\t\t\t\t\t<div class=\"elementor-section-wrap\">\n\t\t\t\t\t\t\t<section class=\"elementor-section elementor-top-section elementor-element elementor-element-3500a814 elementor-section-boxed elementor-section-height-default elementor-section-height-default\" data-id=\"3500a814\" data-element_type=\"section\" data-settings=\"{&quot;background_background&quot;:&quot;classic&quot;}\">\n\t\t\t\t\t\t\t<div class=\"elementor-background-overlay\"><\/div>\n\t\t\t\t\t\t\t<div class=\"elementor-container elementor-column-gap-default\">\n\t\t\t\t\t\t\t<div class=\"elementor-row\">\n\t\t\t\t\t<div class=\"elementor-column elementor-col-100 elementor-top-column elementor-element elementor-element-3039f68c\" data-id=\"3039f68c\" data-element_type=\"column\">\n\t\t\t<div class=\"elementor-column-wrap elementor-element-populated\">\n\t\t\t\t\t\t\t<div class=\"elementor-widget-wrap\">\n\t\t\t\t\t\t<div class=\"elementor-element elementor-element-1dcf1685 elementor-view-default elementor-position-top elementor-vertical-align-top elementor-widget elementor-widget-icon-box\" data-id=\"1dcf1685\" data-element_type=\"widget\" data-widget_type=\"icon-box.default\">\n\t\t\t\t<div class=\"elementor-widget-container\">\n\t\t\t\t\t<div class=\"elementor-icon-box-wrapper\">\n\t\t\t\t\t\t<div class=\"elementor-icon-box-icon\">\n\t\t\t\t<span class=\"elementor-icon elementor-animation-\" >\n\t\t\t\t<i aria-hidden=\"true\" class=\"fas fa-question-circle\"><\/i>\t\t\t\t<\/span>\n\t\t\t<\/div>\n\t\t\t\t\t\t<div class=\"elementor-icon-box-content\">\n\t\t\t\t<h3 class=\"elementor-icon-box-title\">\n\t\t\t\t\t<span >O que \u00e9 o CIRCO?<\/span>\n\t\t\t\t<\/h3>\n\t\t\t\t\t\t\t<\/div>\n\t\t<\/div>\n\t\t\t\t<\/div>\n\t\t\t\t<\/div>\n\t\t\t\t<section class=\"elementor-section elementor-inner-section elementor-element elementor-element-1618b62 elementor-section-boxed elementor-section-height-default elementor-section-height-default\" data-id=\"1618b62\" data-element_type=\"section\">\n\t\t\t\t\t\t<div class=\"elementor-container elementor-column-gap-default\">\n\t\t\t\t\t\t\t<div class=\"elementor-row\">\n\t\t\t\t\t<div class=\"elementor-column elementor-col-33 elementor-inner-column elementor-element elementor-element-10d458d\" data-id=\"10d458d\" data-element_type=\"column\">\n\t\t\t<div class=\"elementor-column-wrap\">\n\t\t\t\t\t\t\t<div class=\"elementor-widget-wrap\">\n\t\t\t\t\t\t\t\t<\/div>\n\t\t\t\t\t<\/div>\n\t\t<\/div>\n\t\t\t\t<div class=\"elementor-column elementor-col-33 elementor-inner-column elementor-element elementor-element-6f23dd8\" data-id=\"6f23dd8\" data-element_type=\"column\">\n\t\t\t<div class=\"elementor-column-wrap elementor-element-populated\">\n\t\t\t\t\t\t\t<div class=\"elementor-widget-wrap\">\n\t\t\t\t\t\t<div class=\"elementor-element elementor-element-4e2618d elementor-widget elementor-widget-wp-widget-media_video\" data-id=\"4e2618d\" data-element_type=\"widget\" data-widget_type=\"wp-widget-media_video.default\">\n\t\t\t\t<div class=\"elementor-widget-container\">\n\t\t\t<div style=\"width:100%;\" class=\"wp-video\"><!--[if lt IE 9]><script>document.createElement('video');<\/script><![endif]-->\n<video class=\"wp-video-shortcode\" id=\"video-1278-1\" preload=\"metadata\" controls=\"controls\"><source type=\"video\/mp4\" src=\"https:\/\/circohubportugal.lneg.pt\/wp-content\/uploads\/2021\/06\/CIRCO-Video-5-urgentie-CLEAN_web_2.mp4?_=1\" \/><source type=\"video\/mp4\" src=\"http:\/\/circohubportugal.lneg.pt\/wp-content\/uploads\/2021\/06\/CIRCO-Video-5-urgentie-CLEAN_web_2.mp4?_=1\" \/><a href=\"https:\/\/circohubportugal.lneg.pt\/wp-content\/uploads\/2021\/06\/CIRCO-Video-5-urgentie-CLEAN_web_2.mp4\">https:\/\/circohubportugal.lneg.pt\/wp-content\/uploads\/2021\/06\/CIRCO-Video-5-urgentie-CLEAN_web_2.mp4<\/a><\/video><\/div>\t\t<\/div>\n\t\t\t\t<\/div>\n\t\t\t\t\t\t<\/div>\n\t\t\t\t\t<\/div>\n\t\t<\/div>\n\t\t\t\t<div class=\"elementor-column elementor-col-33 elementor-inner-column elementor-element elementor-element-2ad3daf\" data-id=\"2ad3daf\" data-element_type=\"column\">\n\t\t\t<div class=\"elementor-column-wrap\">\n\t\t\t\t\t\t\t<div class=\"elementor-widget-wrap\">\n\t\t\t\t\t\t\t\t<\/div>\n\t\t\t\t\t<\/div>\n\t\t<\/div>\n\t\t\t\t\t\t\t\t<\/div>\n\t\t\t\t\t<\/div>\n\t\t<\/section>\n\t\t\t\t<section class=\"elementor-section elementor-inner-section elementor-element elementor-element-03a0ab8 elementor-section-boxed elementor-section-height-default elementor-section-height-default\" data-id=\"03a0ab8\" data-element_type=\"section\">\n\t\t\t\t\t\t<div class=\"elementor-container elementor-column-gap-default\">\n\t\t\t\t\t\t\t<div class=\"elementor-row\">\n\t\t\t\t\t<div class=\"elementor-column elementor-col-100 elementor-inner-column elementor-element elementor-element-33f819f\" data-id=\"33f819f\" data-element_type=\"column\">\n\t\t\t<div class=\"elementor-column-wrap elementor-element-populated\">\n\t\t\t\t\t\t\t<div class=\"elementor-widget-wrap\">\n\t\t\t\t\t\t<div class=\"elementor-element elementor-element-7497879 elementor-widget elementor-widget-heading\" data-id=\"7497879\" data-element_type=\"widget\" data-widget_type=\"heading.default\">\n\t\t\t\t<div class=\"elementor-widget-container\">\n\t\t\t<h2 class=\"elementor-heading-title elementor-size-default\">Pieter van Os - cofundador da iniciativa CIRCO<\/h2>\t\t<\/div>\n\t\t\t\t<\/div>\n\t\t\t\t\t\t<\/div>\n\t\t\t\t\t<\/div>\n\t\t<\/div>\n\t\t\t\t\t\t\t\t<\/div>\n\t\t\t\t\t<\/div>\n\t\t<\/section>\n\t\t\t\t<div class=\"elementor-element elementor-element-1b5dee9d elementor-widget elementor-widget-text-editor\" data-id=\"1b5dee9d\" data-element_type=\"widget\" data-widget_type=\"text-editor.default\">\n\t\t\t\t<div class=\"elementor-widget-container\">\n\t\t\t\t\t\t\t\t<div class=\"elementor-text-editor elementor-clearfix\">\n\t\t\t\t\t<p><strong>Cria\u00e7\u00e3o de neg\u00f3cios atrav\u00e9s do design circular<\/strong><\/p>\t\t\t\t\t<\/div>\n\t\t\t\t\t\t<\/div>\n\t\t\t\t<\/div>\n\t\t\t\t<div class=\"elementor-element elementor-element-820d346 elementor-widget elementor-widget-text-editor\" data-id=\"820d346\" data-element_type=\"widget\" data-widget_type=\"text-editor.default\">\n\t\t\t\t<div class=\"elementor-widget-container\">\n\t\t\t\t\t\t\t\t<div class=\"elementor-text-editor elementor-clearfix\">\n\t\t\t\t\t<p>O programa CIRCO (<em>Creating Business through Circular Design<\/em>) surgiu nos Pa\u00edses Baixos em 2015 e baseia-se na aplica\u00e7\u00e3o do design e design <em>thinking<\/em> ao desenvolvimento de produtos, servi\u00e7os e modelos de neg\u00f3cio circulares. Foi desenvolvido pela empresa holandesa CLICKNL e tem o apoio do Minist\u00e9rio das Infraestruturas e Gest\u00e3o da \u00c1gua do governo holand\u00eas.<\/p><p>O CIRCO \u00e9 um programa de design circular que ativa e facilita a implementa\u00e7\u00e3o de neg\u00f3cios circulares por empresas industriais e designers.<\/p><p>Com um m\u00e9todo exclusivo e comprovado, o CIRCO oferece a cada empresa uma perspetiva para iniciar atividades circulares, em coopera\u00e7\u00e3o com a sua cadeia de valor.<\/p><p><strong>Design de propostas circulares com um m\u00e9todo comprovado<\/strong><\/p><p>Desde 2015, o CIRCO apoiou mais de um milhar de empresas na cria\u00e7\u00e3o de neg\u00f3cios circulares e formou centenas de designers, que atuam como agentes de mudan\u00e7a para a circularidade.<\/p><p>Uma vez que a forma\u00e7\u00e3o das empresas culmina na elabora\u00e7\u00e3o de um roteiro, verifica-se que <strong>66% dos participantes implementaram as suas novas propostas circulares<\/strong>.<\/p>\t\t\t\t\t<\/div>\n\t\t\t\t\t\t<\/div>\n\t\t\t\t<\/div>\n\t\t\t\t<section class=\"elementor-section elementor-inner-section elementor-element elementor-element-1661d90 elementor-section-boxed elementor-section-height-default elementor-section-height-default\" data-id=\"1661d90\" data-element_type=\"section\">\n\t\t\t\t\t\t<div class=\"elementor-container elementor-column-gap-default\">\n\t\t\t\t\t\t\t<div class=\"elementor-row\">\n\t\t\t\t\t<div class=\"elementor-column elementor-col-33 elementor-inner-column elementor-element elementor-element-4bc6907\" data-id=\"4bc6907\" data-element_type=\"column\">\n\t\t\t<div class=\"elementor-column-wrap\">\n\t\t\t\t\t\t\t<div class=\"elementor-widget-wrap\">\n\t\t\t\t\t\t\t\t<\/div>\n\t\t\t\t\t<\/div>\n\t\t<\/div>\n\t\t\t\t<div class=\"elementor-column elementor-col-33 elementor-inner-column elementor-element elementor-element-cd1943a\" data-id=\"cd1943a\" data-element_type=\"column\">\n\t\t\t<div class=\"elementor-column-wrap elementor-element-populated\">\n\t\t\t\t\t\t\t<div class=\"elementor-widget-wrap\">\n\t\t\t\t\t\t<div class=\"elementor-element elementor-element-c8c65ee elementor-widget elementor-widget-wp-widget-media_video\" data-id=\"c8c65ee\" data-element_type=\"widget\" data-widget_type=\"wp-widget-media_video.default\">\n\t\t\t\t<div class=\"elementor-widget-container\">\n\t\t\t<div style=\"width:100%;\" class=\"wp-video\"><video class=\"wp-video-shortcode\" id=\"video-1278-2\" preload=\"metadata\" controls=\"controls\"><source type=\"video\/mp4\" src=\"https:\/\/circohubportugal.lneg.pt\/wp-content\/uploads\/2021\/06\/CIRCO-Bedzzzy-CLEAN_web.mp4?_=2\" \/><source type=\"video\/mp4\" src=\"http:\/\/circohubportugal.lneg.pt\/wp-content\/uploads\/2021\/06\/CIRCO-Bedzzzy-CLEAN_web.mp4?_=2\" \/><a href=\"https:\/\/circohubportugal.lneg.pt\/wp-content\/uploads\/2021\/06\/CIRCO-Bedzzzy-CLEAN_web.mp4\">https:\/\/circohubportugal.lneg.pt\/wp-content\/uploads\/2021\/06\/CIRCO-Bedzzzy-CLEAN_web.mp4<\/a><\/video><\/div>\t\t<\/div>\n\t\t\t\t<\/div>\n\t\t\t\t<div class=\"elementor-element elementor-element-2b5d4e0 elementor-widget elementor-widget-heading\" data-id=\"2b5d4e0\" data-element_type=\"widget\" data-widget_type=\"heading.default\">\n\t\t\t\t<div class=\"elementor-widget-container\">\n\t\t\t<h2 class=\"elementor-heading-title elementor-size-default\">CIRCO - Bedzzzy Clean<\/h2>\t\t<\/div>\n\t\t\t\t<\/div>\n\t\t\t\t\t\t<\/div>\n\t\t\t\t\t<\/div>\n\t\t<\/div>\n\t\t\t\t<div class=\"elementor-column elementor-col-33 elementor-inner-column elementor-element elementor-element-aaeeb9a\" data-id=\"aaeeb9a\" data-element_type=\"column\">\n\t\t\t<div class=\"elementor-column-wrap\">\n\t\t\t\t\t\t\t<div class=\"elementor-widget-wrap\">\n\t\t\t\t\t\t\t\t<\/div>\n\t\t\t\t\t<\/div>\n\t\t<\/div>\n\t\t\t\t\t\t\t\t<\/div>\n\t\t\t\t\t<\/div>\n\t\t<\/section>\n\t\t\t\t\t\t<\/div>\n\t\t\t\t\t<\/div>\n\t\t<\/div>\n\t\t\t\t\t\t\t\t<\/div>\n\t\t\t\t\t<\/div>\n\t\t<\/section>\n\t\t\t\t<section class=\"elementor-section elementor-top-section elementor-element elementor-element-4139c5af elementor-section-boxed elementor-section-height-default elementor-section-height-default\" data-id=\"4139c5af\" data-element_type=\"section\" data-settings=\"{&quot;background_background&quot;:&quot;classic&quot;}\">\n\t\t\t\t\t\t\t<div class=\"elementor-background-overlay\"><\/div>\n\t\t\t\t\t\t\t<div class=\"elementor-container elementor-column-gap-default\">\n\t\t\t\t\t\t\t<div class=\"elementor-row\">\n\t\t\t\t\t<div class=\"elementor-column elementor-col-100 elementor-top-column elementor-element elementor-element-49b29a70\" data-id=\"49b29a70\" data-element_type=\"column\">\n\t\t\t<div class=\"elementor-column-wrap elementor-element-populated\">\n\t\t\t\t\t\t\t<div class=\"elementor-widget-wrap\">\n\t\t\t\t\t\t<div class=\"elementor-element elementor-element-31a30755 elementor-view-default elementor-position-top elementor-vertical-align-top elementor-widget elementor-widget-icon-box\" data-id=\"31a30755\" data-element_type=\"widget\" data-widget_type=\"icon-box.default\">\n\t\t\t\t<div class=\"elementor-widget-container\">\n\t\t\t\t\t<div class=\"elementor-icon-box-wrapper\">\n\t\t\t\t\t\t<div class=\"elementor-icon-box-icon\">\n\t\t\t\t<span class=\"elementor-icon elementor-animation-\" >\n\t\t\t\t<i aria-hidden=\"true\" class=\"fas fa-globe-americas\"><\/i>\t\t\t\t<\/span>\n\t\t\t<\/div>\n\t\t\t\t\t\t<div class=\"elementor-icon-box-content\">\n\t\t\t\t<h3 class=\"elementor-icon-box-title\">\n\t\t\t\t\t<span >CIRCO Internacional<\/span>\n\t\t\t\t<\/h3>\n\t\t\t\t\t\t\t<\/div>\n\t\t<\/div>\n\t\t\t\t<\/div>\n\t\t\t\t<\/div>\n\t\t\t\t<div class=\"elementor-element elementor-element-2a8cc868 elementor-widget elementor-widget-text-editor\" data-id=\"2a8cc868\" data-element_type=\"widget\" data-widget_type=\"text-editor.default\">\n\t\t\t\t<div class=\"elementor-widget-container\">\n\t\t\t\t\t\t\t\t<div class=\"elementor-text-editor elementor-clearfix\">\n\t\t\t\t\t<p><strong>Uma economia circular pr\u00f3spera exige um esfor\u00e7o global coletivo<\/strong><\/p>\t\t\t\t\t<\/div>\n\t\t\t\t\t\t<\/div>\n\t\t\t\t<\/div>\n\t\t\t\t<div class=\"elementor-element elementor-element-e0d3732 elementor-widget elementor-widget-text-editor\" data-id=\"e0d3732\" data-element_type=\"widget\" data-widget_type=\"text-editor.default\">\n\t\t\t\t<div class=\"elementor-widget-container\">\n\t\t\t\t\t\t\t\t<div class=\"elementor-text-editor elementor-clearfix\">\n\t\t\t\t\t<p>O CIRCO desenvolveu um programa de forma\u00e7\u00e3o de formadores, que permite, numa base n\u00e3o comercial, transferir para os parceiros de cada pa\u00eds a metodologia de design circular, que \u00e9 aplicada a n\u00edvel nacional ou regional.<\/p><p>Assim, desde 2019 o programa CIRCO partilha o seu m\u00e9todo com parceiros de outros pa\u00edses. Estabeleceram-se tr\u00eas Hubs internacionais (Brasil, Sri Lanka e Turquia) e o programa continua em expans\u00e3o (al\u00e9m de Portugal, na Alemanha e na Pol\u00f3nia).<\/p><p>A metodologia de design, o conhecimento e o processo de forma\u00e7\u00e3o de formadores est\u00e3o dispon\u00edveis e podem ser utilizados para incentivar a transi\u00e7\u00e3o circular \u00e0 escala internacional e desencadear uma ampla colabora\u00e7\u00e3o.<\/p><p><strong>A transi\u00e7\u00e3o para uma economia circular requer tempo, empenho e parcerias s\u00f3lidas. <\/strong><\/p><p>Mais informa\u00e7\u00e3o em: <a href=\"https:\/\/www.circonl.nl\/international\/\"><strong>https:\/\/www.circonl.nl\/international\/<\/strong><\/a><\/p>\t\t\t\t\t<\/div>\n\t\t\t\t\t\t<\/div>\n\t\t\t\t<\/div>\n\t\t\t\t\t\t<\/div>\n\t\t\t\t\t<\/div>\n\t\t<\/div>\n\t\t\t\t\t\t\t\t<\/div>\n\t\t\t\t\t<\/div>\n\t\t<\/section>\n\t\t\t\t<section class=\"elementor-section elementor-top-section elementor-element elementor-element-3be3780b elementor-section-boxed elementor-section-height-default elementor-section-height-default\" data-id=\"3be3780b\" data-element_type=\"section\" data-settings=\"{&quot;background_background&quot;:&quot;classic&quot;}\">\n\t\t\t\t\t\t<div class=\"elementor-container elementor-column-gap-default\">\n\t\t\t\t\t\t\t<div class=\"elementor-row\">\n\t\t\t\t\t<div class=\"elementor-column elementor-col-100 elementor-top-column elementor-element elementor-element-18d17f22\" data-id=\"18d17f22\" data-element_type=\"column\">\n\t\t\t<div class=\"elementor-column-wrap elementor-element-populated\">\n\t\t\t\t\t\t\t<div class=\"elementor-widget-wrap\">\n\t\t\t\t\t\t<div class=\"elementor-element elementor-element-7e337ad5 elementor-widget elementor-widget-image\" data-id=\"7e337ad5\" data-element_type=\"widget\" data-widget_type=\"image.default\">\n\t\t\t\t<div class=\"elementor-widget-container\">\n\t\t\t\t\t\t\t\t<div class=\"elementor-image\">\n\t\t\t\t\t\t\t\t\t\t\t\t<img width=\"246\" height=\"57\" src=\"https:\/\/circohubportugal.lneg.pt\/wp-content\/uploads\/2021\/06\/fundo_ambientaltext_grey_transp_1.png\" class=\"attachment-full size-full\" alt=\"\" loading=\"lazy\" sizes=\"100vw\" \/>\t\t\t\t\t\t\t\t\t\t\t\t\t\t<\/div>\n\t\t\t\t\t\t<\/div>\n\t\t\t\t<\/div>\n\t\t\t\t\t\t<\/div>\n\t\t\t\t\t<\/div>\n\t\t<\/div>\n\t\t\t\t\t\t\t\t<\/div>\n\t\t\t\t\t<\/div>\n\t\t<\/section>\n\t\t\t\t\t\t<\/div>\n\t\t\t\t\t\t<\/div>\n\t\t\t\t\t<\/div>\n\t\t","protected":false},"excerpt":{"rendered":"<p>O que \u00e9 o CIRCO? Pieter van Os &#8211; cofundador da iniciativa CIRCO Cria\u00e7\u00e3o de neg\u00f3cios atrav\u00e9s do design circular O programa CIRCO (Creating Business through Circular Design) surgiu nos Pa\u00edses Baixos em 2015 e baseia-se na aplica\u00e7\u00e3o do design e design thinking ao desenvolvimento de produtos, servi\u00e7os e modelos de neg\u00f3cio circulares. Foi desenvolvido &hellip; <\/p>\n<p class=\"link-more\"><a href=\"https:\/\/circohubportugal.lneg.pt\/?page_id=1278\" class=\"more-link\">Continuar a ler <span class=\"screen-reader-text\">&#8220;O que \u00e9 o CIRCO?&#8221;<\/span><\/a><\/p>\n","protected":false},"author":2,"featured_media":0,"parent":0,"menu_order":0,"comment_status":"closed","ping_status":"closed","template":"elementor_header_footer","meta":{"_monsterinsights_skip_tracking":false,"_monsterinsights_sitenote_active":false,"_monsterinsights_sitenote_note":"","_monsterinsights_sitenote_category":0},"_links":{"self":[{"href":"https:\/\/circohubportugal.lneg.pt\/index.php?rest_route=\/wp\/v2\/pages\/1278"}],"collection":[{"href":"https:\/\/circohubportugal.lneg.pt\/index.php?rest_route=\/wp\/v2\/pages"}],"about":[{"href":"https:\/\/circohubportugal.lneg.pt\/index.php?rest_route=\/wp\/v2\/types\/page"}],"author":[{"embeddable":true,"href":"https:\/\/circohubportugal.lneg.pt\/index.php?rest_route=\/wp\/v2\/users\/2"}],"replies":[{"embeddable":true,"href":"https:\/\/circohubportugal.lneg.pt\/index.php?rest_route=%2Fwp%2Fv2%2Fcomments&post=1278"}],"version-history":[{"count":196,"href":"https:\/\/circohubportugal.lneg.pt\/index.php?rest_route=\/wp\/v2\/pages\/1278\/revisions"}],"predecessor-version":[{"id":3383,"href":"https:\/\/circohubportugal.lneg.pt\/index.php?rest_route=\/wp\/v2\/pages\/1278\/revisions\/3383"}],"wp:attachment":[{"href":"https:\/\/circohubportugal.lneg.pt\/index.php?rest_route=%2Fwp%2Fv2%2Fmedia&parent=1278"}],"curies":[{"name":"wp","href":"https:\/\/api.w.org\/{rel}","templated":true}]}}